{"id":23,"date":"2012-06-06T11:11:11","date_gmt":"2012-06-06T11:11:11","guid":{"rendered":"http:\/\/pl.fsj-husum.de\/?page_id=23"},"modified":"2018-01-26T18:14:44","modified_gmt":"2018-01-26T18:14:44","slug":"odcisk","status":"publish","type":"page","link":"https:\/\/pl.fsj-husum.de\/?page_id=23","title":{"rendered":"Odcisk"},"content":{"rendered":"<p style=\"text-align: left;\">FSJ-Husum.de ist ein Service der Wiva UG<\/p>\n<p style=\"text-align: left;\">Wiva UG (haftungsbeschr\u00e4nkt)<br \/>\nNorderstr. 10<br \/>\n25813 Husum<\/p>\n<p style=\"text-align: left;\">Telefon: 0049-(0)4843-3749894<br \/>\nMobil: 0049-(0)163-33 87 79 15<\/p>\n<p style=\"text-align: left;\">E-Mail:\u00a0wiva@fsj-husum.de<\/p>\n<p style=\"text-align: left;\"><strong>Redaktion<\/strong><br \/>\nDie Wiva UG betreut die Website redaktionell.<br \/>\nVerantwortlich: Vanessa Holdysz<\/p>\n<p style=\"text-align: left;\"><strong>Rechtliche Angaben gem\u00e4\u00df TDG &amp; MDStV<\/strong><br \/>\nVertretungsberechtigte Gesch\u00e4ftsf\u00fchrer: Vanessa Holdysz<\/p>\n<p style=\"text-align: left;\"><strong>USt.-Idnr gem. \u00a7 27 a Umsatzsteuergesetz:<\/strong>\u00a0DE&#8212;&#8212;&#8211;<\/p>\n<p style=\"text-align: left;\"><strong>Inhaltlich Verantwortlicher gem. \u00a7 10 Absatz 3 MDStV<\/strong><br \/>\nVanessa Holdysz<\/p>\n<p style=\"text-align: left;\"><strong>Realisierung und Wartung<\/strong><br \/>\n<a title=\"Projekt- und Grafikwerkstatt\" href=\"http:\/\/www.projekt-und-grafikwerkstatt.de\/\" target=\"_blank\">Projekt- und Grafikwerkstatt,<\/a>\u00a0Hamburg<\/p>\n<p style=\"text-align: left;\"><strong>Rechtliche Hinweise\u00a0<\/strong><br \/>\nDie Inhalte der Wiva UG Webseiten wurden sorgf\u00e4ltig erarbeitet. Dabei wurde insbesondere darauf Wert gelegt, zutreffende und aktuelle Informationen bereitzustellen. Gleichwohl k\u00f6nnen Fehler auftreten. Weiter weisen wir darauf hin, dass die Informationen auf den Wiva UG\u00a0Webseiten allgemeiner Art sind, die nicht auf die besonderen Bed\u00fcrfnisse im Einzelfall abgestimmt sind. Wir \u00fcbernehmen keine Gew\u00e4hr f\u00fcr Aktualit\u00e4t, Richtigkeit und Vollst\u00e4ndigkeit der Informationen. Dies gilt auch f\u00fcr Informationen auf externen Webseiten, die \u00fcber Links mit den Wiva UG\u00a0Webseiten verbunden sind. F\u00fcr die Nutzung der Wiva UG\u00a0Webseiten gelten im \u00dcbrigen die folgenden Bedingungen:<\/p>\n<p style=\"text-align: left;\"><strong>Copyright\/Urheberrechte\u00a0<\/strong><br \/>\nInhalt und Struktur unserer Webseiten sind urheberrechtlich gesch\u00fctzt. Alle Rechte sind vorbehalten. Informationen oder Daten (Text, Bild, Grafik, Ton, Video oder Animationsdateien) der Wiva UG\u00a0Webseiten d\u00fcrfen insbesondere nicht ohne vorherige schriftliche Zustimmung durch die Wiva UG\u00a0in irgendeiner Form genutzt oder verwendet werden, auch nicht auszugsweise.<\/p>\n<p style=\"text-align: left;\"><strong>Marken und Logos\u00a0<\/strong><br \/>\nDie auf Wiva UG\u00a0Webseiten verwendeten Marken und Logos sind gesch\u00fctzt. Es ist nicht gestattet, diese Marken ohne vorherige schriftliche Zustimmung durch die Wiva UG\u00a0zu nutzen.<\/p>\n<p style=\"text-align: left;\"><strong>Setzen von Links auf Webseiten der Wiva\u00a0UG<\/strong><br \/>\nEin Link auf die Wiva UG\u00a0Webseiten darf nur dann gesetzt werden, wenn er auf die Homepage www.fsj-husum.de zeigt (keine Deeplinks) und wenn dadurch keine Rechte der Wiva UG, insbesondere Urheber-, Leistungsschutz- oder Kennzeichenrechte verletzt werden.<\/p>\n","protected":false},"excerpt":{"rendered":"<p>FSJ-Husum.de ist ein Service der Wiva UG Wiva UG (haftungsbeschr\u00e4nkt) Norderstr. 10 25813 Husum Telefon: 0049-(0)4843-3749894 Mobil: 0049-(0)163-33 87 79 15 E-Mail:\u00a0wiva@fsj-husum.de Redaktion Die Wiva UG betreut die Website redaktionell. Verantwortlich: Vanessa Holdysz Rechtliche Angaben gem\u00e4\u00df TDG &amp; MDStV Vertretungsberechtigte Gesch\u00e4ftsf\u00fchrer: Vanessa Holdysz USt.-Idnr gem. \u00a7 27 a Umsatzsteuergesetz:\u00a0DE&#8212;&#8212;&#8211; Inhaltlich Verantwortlicher gem. \u00a7 10 Absatz [&hellip;]<\/p>\n","protected":false},"author":1,"featured_media":0,"parent":0,"menu_order":5,"comment_status":"open","ping_status":"open","template":"","meta":[],"_links":{"self":[{"href":"https:\/\/pl.fsj-husum.de\/index.php?rest_route=\/wp\/v2\/pages\/23"}],"collection":[{"href":"https:\/\/pl.fsj-husum.de\/index.php?rest_route=\/wp\/v2\/pages"}],"about":[{"href":"https:\/\/pl.fsj-husum.de\/index.php?rest_route=\/wp\/v2\/types\/page"}],"author":[{"embeddable":true,"href":"https:\/\/pl.fsj-husum.de\/index.php?rest_route=\/wp\/v2\/users\/1"}],"replies":[{"embeddable":true,"href":"https:\/\/pl.fsj-husum.de\/index.php?rest_route=%2Fwp%2Fv2%2Fcomments&post=23"}],"version-history":[{"count":7,"href":"https:\/\/pl.fsj-husum.de\/index.php?rest_route=\/wp\/v2\/pages\/23\/revisions"}],"predecessor-version":[{"id":31,"href":"https:\/\/pl.fsj-husum.de\/index.php?rest_route=\/wp\/v2\/pages\/23\/revisions\/31"}],"wp:attachment":[{"href":"https:\/\/pl.fsj-husum.de\/index.php?rest_route=%2Fwp%2Fv2%2Fmedia&parent=23"}],"curies":[{"name":"wp","href":"https:\/\/api.w.org\/{rel}","templated":true}]}}